{"id":12502,"date":"2016-01-05T13:09:22","date_gmt":"2016-01-05T12:09:22","guid":{"rendered":"http:\/\/feed-innovation.com\/?page_id=12502"},"modified":"2024-11-18T15:21:00","modified_gmt":"2024-11-18T14:21:00","slug":"home","status":"publish","type":"page","link":"https:\/\/feed-innovation.com\/nl\/","title":{"rendered":"Home"},"content":{"rendered":"<p><div class=\"fusion-fullwidth fullwidth-box fusion-builder-row-1 hundred-percent-fullwidth non-hundred-percent-height-scrolling\" style=\"--awb-border-radius-top-left:0px;--awb-border-radius-top-right:0px;--awb-border-radius-bottom-right:0px;--awb-border-radius-bottom-left:0px;--awb-overflow:visible;--awb-flex-wrap:wrap;\" ><div class=\"fusion-builder-row fusion-row\"><div class=\"fusion-layout-column fusion_builder_column fusion-builder-column-0 fusion_builder_column_1_1 1_1 fusion-one-full fusion-column-first fusion-column-last fusion-column-no-min-height\" style=\"--awb-bg-size:cover;--awb-margin-bottom:0px;\"><div class=\"fusion-column-wrapper fusion-flex-column-wrapper-legacy\"><div class=\"fusion-image-element fusion-image-align-center in-legacy-container\" style=\"text-align:center;--awb-caption-title-font-family:var(--h2_typography-font-family);--awb-caption-title-font-weight:var(--h2_typography-font-weight);--awb-caption-title-font-style:var(--h2_typography-font-style);--awb-caption-title-size:var(--h2_typography-font-size);--awb-caption-title-transform:var(--h2_typography-text-transform);--awb-caption-title-line-height:var(--h2_typography-line-height);--awb-caption-title-letter-spacing:var(--h2_typography-letter-spacing);\"><div class=\"imageframe-align-center\"><span class=\" fusion-imageframe imageframe-none imageframe-1 hover-type-none\"><img decoding=\"async\" width=\"1024\" height=\"343\" title=\"home_bijgesneden\" src=\"https:\/\/feed-innovation.com\/wp\/wp-content\/uploads\/2016\/01\/home_bijgesneden-1024x343.png\" alt class=\"img-responsive wp-image-13543\" srcset=\"https:\/\/feed-innovation.com\/wp\/wp-content\/uploads\/2016\/01\/home_bijgesneden-200x67.png 200w, https:\/\/feed-innovation.com\/wp\/wp-content\/uploads\/2016\/01\/home_bijgesneden-400x134.png 400w, https:\/\/feed-innovation.com\/wp\/wp-content\/uploads\/2016\/01\/home_bijgesneden-600x201.png 600w, https:\/\/feed-innovation.com\/wp\/wp-content\/uploads\/2016\/01\/home_bijgesneden-800x268.png 800w, https:\/\/feed-innovation.com\/wp\/wp-content\/uploads\/2016\/01\/home_bijgesneden.png 1100w\" sizes=\"(max-width: 800px) 100vw, 1024px\" \/><\/span><\/div><\/div><div class=\"fusion-sep-clear\"><\/div><div class=\"fusion-separator fusion-full-width-sep\" style=\"margin-left: auto;margin-right: auto;margin-bottom:8px;width:100%;\"><\/div><div class=\"fusion-sep-clear\"><\/div><div class=\"fusion-clearfix\"><\/div><\/div><\/div><\/div><\/div><div class=\"fusion-fullwidth fullwidth-box fusion-builder-row-2 hundred-percent-fullwidth non-hundred-percent-height-scrolling\" style=\"--awb-border-radius-top-left:0px;--awb-border-radius-top-right:0px;--awb-border-radius-bottom-right:0px;--awb-border-radius-bottom-left:0px;--awb-overflow:visible;--awb-flex-wrap:wrap;\" ><div class=\"fusion-builder-row fusion-row\"><div class=\"fusion-layout-column fusion_builder_column fusion-builder-column-1 fusion_builder_column_1_2 1_2 fusion-one-half fusion-column-first fusion-column-no-min-height\" style=\"--awb-bg-size:cover;--awb-margin-bottom:0px;width:48%; margin-right: 4%;\"><div class=\"fusion-column-wrapper fusion-flex-column-wrapper-legacy\"><div class=\"fusion-text fusion-text-1\"><h3>Feed Innovation Services is een ervaren, onafhankelijk en betrouwbaar bedrijf dat de volgende diensten levert:<\/h3>\n<ul>\n<li>\n<h3><a href=\"https:\/\/feed-innovation.com\/products-and-services\/research\/\"><strong>Advice<\/strong><\/a> (formulering van voeders, kwaliteitsborging, diervoeding, bedrijfsbeheer, technische audits en training),<\/h3>\n<\/li>\n<li>\n<h3><a href=\"https:\/\/feed-innovation.com\/products-and-services\/research\/\"><strong>Scientific research<\/strong><\/a> (diervoederexperimenten, productontwikkeling, on-site onderzoek en literatuurstudies) en,<\/h3>\n<\/li>\n<li>\n<h3><a href=\"https:\/\/feed-innovation.com\/products-and-services\/business-support\/\"><strong>Business support<\/strong> <\/a>(haalbaarheid en marktstudies, markttoegang, matchmaking, productregistratie in China, projectontwikkeling en -beheer).<\/h3>\n<\/li>\n<\/ul>\n<\/div><div class=\"fusion-clearfix\"><\/div><\/div><\/div><div class=\"fusion-layout-column fusion_builder_column fusion-builder-column-2 fusion_builder_column_1_2 1_2 fusion-one-half fusion-column-last fusion-column-no-min-height\" style=\"--awb-padding-left:10px;--awb-bg-size:cover;--awb-border-color:#8bc34a;--awb-border-left:1px;--awb-border-style:solid;--awb-margin-bottom:0px;width:48%;\"><div class=\"fusion-column-wrapper fusion-flex-column-wrapper-legacy\"><div class=\"fusion-text fusion-text-2\"><p>Bent u of wilt u actief zijn op de volgende markten: <a href=\"https:\/\/feed-innovation.com\/markets\/europe\/?lang=nl\">Europa<\/a>, <a href=\"https:\/\/feed-innovation.com\/markets\/asia\/?lang=nl\">Azi\u00eb,\u00a0<\/a> <a href=\"https:\/\/feed-innovation.com\/markets\/africa\/?lang=nl\">Afrika<\/a>, <a href=\"https:\/\/feed-innovation.com\/markets\/middle-east-and-oceania\/\">het Midden-Oosten en Oceani\u00eb<\/a>? Dan is Feed Innovation Services de beste partner voor u!<\/p>\n<p>Feed Innovation Services is een Nederlandse advies- en onderzoekspartner in de voeder- en voedselketen en biedt innovatieve kennisoplossingen voor veevoederfabrikanten in Europa, Azi\u00eb, Afrika, het Midden-Oosten en Oceani\u00eb, leveranciers van ingredi\u00ebnten en additieven, grootschalige veehouderijen en hun ondersteunende instellingen in de bijbehorende ketens.<\/p>\n<p>De onderzoeksfaciliteiten van Feed Innovation Services voor vleeskuikens, biggen en legkippen stellen klanten in staat om snel toegepast onderzoek en resultaten te waarborgen, onafhankelijk en betrouwbaar. De diensten omvatten een breed scala aan advies-, onderzoeks- en bedrijfsondersteunende oplossingen op maat voor klanten reeds actief in Europa, Azi\u00eb, Afrika, het Midden-Oosten en Oceani\u00eb, of plannen hebben op deze markten te gaan opereren.<\/p>\n<p>Via, en met haar partners kan Feed Innovation Services ge\u00efntegreerde oplossingen bieden voor de internationale feed-, food- en biomassasectoren.<\/p>\n<\/div><div class=\"fusion-clearfix\"><\/div><\/div><\/div><\/div><\/div><div class=\"fusion-fullwidth fullwidth-box fusion-builder-row-3 nonhundred-percent-fullwidth non-hundred-percent-height-scrolling\" style=\"--awb-background-position:left top;--awb-border-sizes-top:0px;--awb-border-sizes-bottom:0px;--awb-border-sizes-left:0px;--awb-border-sizes-right:0px;--awb-border-radius-top-left:0px;--awb-border-radius-top-right:0px;--awb-border-radius-bottom-right:0px;--awb-border-radius-bottom-left:0px;--awb-padding-top:20px;--awb-padding-bottom:20px;--awb-flex-wrap:wrap;\" ><div class=\"fusion-builder-row fusion-row\"><div class=\"fusion-layout-column fusion_builder_column fusion-builder-column-3 fusion_builder_column_1_3 1_3 fusion-one-third fusion-column-first\" style=\"--awb-bg-size:cover;--awb-border-color:#607d8b;--awb-border-top:0;--awb-border-right:0;--awb-border-bottom:0;--awb-border-left:0;--awb-border-style:solid;width:30.6666%; margin-right: 4%;\"><div class=\"fusion-column-wrapper fusion-flex-column-wrapper-legacy\"><div class=\"fusion-image-element fusion-image-align-center in-legacy-container\" style=\"text-align:center;--awb-caption-title-font-family:var(--h2_typography-font-family);--awb-caption-title-font-weight:var(--h2_typography-font-weight);--awb-caption-title-font-style:var(--h2_typography-font-style);--awb-caption-title-size:var(--h2_typography-font-size);--awb-caption-title-transform:var(--h2_typography-text-transform);--awb-caption-title-line-height:var(--h2_typography-line-height);--awb-caption-title-letter-spacing:var(--h2_typography-letter-spacing);\"><div class=\"imageframe-align-center\"><span class=\" fusion-imageframe imageframe-none imageframe-2 hover-type-zoomin fusion-animated\" data-animationType=\"fadeInDown\" data-animationDuration=\"1.0\" data-animationOffset=\"top-into-view\"><a class=\"fusion-no-lightbox\" href=\"https:\/\/feed-innovation.com\/producten-en-diensten\/advies\/?lang=nl\" target=\"_self\" aria-label=\"GMP-Logo\"><img decoding=\"async\" width=\"150\" height=\"150\" src=\"https:\/\/feed-innovation.com\/wp\/wp-content\/uploads\/2016\/01\/GMP-Logo-2-150x150.png\" alt class=\"img-responsive wp-image-13546\" srcset=\"https:\/\/feed-innovation.com\/wp\/wp-content\/uploads\/2016\/01\/GMP-Logo-2-66x66.png 66w, https:\/\/feed-innovation.com\/wp\/wp-content\/uploads\/2016\/01\/GMP-Logo-2-150x150.png 150w\" sizes=\"(max-width: 150px) 100vw, 150px\" \/><\/a><\/span><\/div><\/div><div class=\"fusion-text fusion-text-3\"><h1 style=\"text-align: center;\"><a href=\"https:\/\/feed-innovation.com\/nl\/producten-en-diensten\/advies\/?lang=nl\">Advies<\/a><\/h1>\n<p style=\"text-align: center;\">Voederformulering &#8211; Kwaliteitsborging &#8211; Diervoeding &#8211; Bedrijfsmanagement &#8211; Technische audits &#8211; Opleiding<\/p>\n<\/div><div class=\"fusion-clearfix\"><\/div><\/div><\/div><div class=\"fusion-layout-column fusion_builder_column fusion-builder-column-4 fusion_builder_column_1_3 1_3 fusion-one-third\" style=\"--awb-bg-size:cover;width:30.6666%; margin-right: 4%;\"><div class=\"fusion-column-wrapper fusion-flex-column-wrapper-legacy\"><div class=\"fusion-image-element fusion-image-align-center in-legacy-container\" style=\"text-align:center;--awb-caption-title-font-family:var(--h2_typography-font-family);--awb-caption-title-font-weight:var(--h2_typography-font-weight);--awb-caption-title-font-style:var(--h2_typography-font-style);--awb-caption-title-size:var(--h2_typography-font-size);--awb-caption-title-transform:var(--h2_typography-text-transform);--awb-caption-title-line-height:var(--h2_typography-line-height);--awb-caption-title-letter-spacing:var(--h2_typography-letter-spacing);\"><div class=\"imageframe-align-center\"><span class=\" fusion-imageframe imageframe-none imageframe-3 hover-type-zoomin fusion-animated\" data-animationType=\"fadeInDown\" data-animationDuration=\"1.0\" data-animationOffset=\"top-into-view\"><a class=\"fusion-no-lightbox\" href=\"https:\/\/feed-innovation.com\/producten-en-diensten\/onderzoek\/?lang=nl\" target=\"_self\" aria-label=\"Onderzoek\"><img decoding=\"async\" width=\"150\" height=\"150\" src=\"https:\/\/feed-innovation.com\/wp\/wp-content\/uploads\/2016\/01\/Onderzoek-4-150x150.png\" alt class=\"img-responsive wp-image-13550\" srcset=\"https:\/\/feed-innovation.com\/wp\/wp-content\/uploads\/2016\/01\/Onderzoek-4-66x66.png 66w, https:\/\/feed-innovation.com\/wp\/wp-content\/uploads\/2016\/01\/Onderzoek-4-150x150.png 150w\" sizes=\"(max-width: 150px) 100vw, 150px\" \/><\/a><\/span><\/div><\/div><div class=\"fusion-text fusion-text-4\"><h1 style=\"text-align: center;\"><a href=\"https:\/\/feed-innovation.com\/nl\/producten-en-diensten\/onderzoek\/?lang=nl\">Onderzoek<\/a><\/h1>\n<p style=\"text-align: center;\">Diervoeder-experimenten &#8211; Productontwikkeling &#8211; Onderzoek ter plaatse &#8211; Literatuurstudies<\/p>\n<\/div><div class=\"fusion-clearfix\"><\/div><\/div><\/div><div class=\"fusion-layout-column fusion_builder_column fusion-builder-column-5 fusion_builder_column_1_3 1_3 fusion-one-third fusion-column-last\" style=\"--awb-bg-size:cover;width:30.6666%;\"><div class=\"fusion-column-wrapper fusion-flex-column-wrapper-legacy\"><div class=\"fusion-image-element fusion-image-align-center in-legacy-container\" style=\"text-align:center;--awb-caption-title-font-family:var(--h2_typography-font-family);--awb-caption-title-font-weight:var(--h2_typography-font-weight);--awb-caption-title-font-style:var(--h2_typography-font-style);--awb-caption-title-size:var(--h2_typography-font-size);--awb-caption-title-transform:var(--h2_typography-text-transform);--awb-caption-title-line-height:var(--h2_typography-line-height);--awb-caption-title-letter-spacing:var(--h2_typography-letter-spacing);\"><div class=\"imageframe-align-center\"><span class=\" fusion-imageframe imageframe-none imageframe-4 hover-type-zoomin fusion-animated\" data-animationType=\"fadeInDown\" data-animationDuration=\"1.0\" data-animationOffset=\"top-into-view\"><a class=\"fusion-no-lightbox\" href=\"https:\/\/feed-innovation.com\/producten-en-diensten\/business-support\/?lang=nl\" target=\"_self\" aria-label=\"Images_3-3_BusinessSupport\"><img decoding=\"async\" width=\"150\" height=\"150\" src=\"https:\/\/feed-innovation.com\/wp\/wp-content\/uploads\/2016\/01\/Images_3-3_BusinessSupport-150x150.png\" alt class=\"img-responsive wp-image-13120\"\/><\/a><\/span><\/div><\/div><div class=\"fusion-text fusion-text-5\"><h1 style=\"text-align: center;\"><a href=\"https:\/\/feed-innovation.com\/nl\/producten-en-diensten\/zakelijk-support\/?lang=nl\">Zakelijk support<\/a><\/h1>\n<p style=\"text-align: center;\">Haalbaarheidsstudies &#8211; Marktstudies &#8211; Marktinvoer- Matchmaking &#8211; Productregistratie China &#8211; Projectontwikkeling &#8211; Projectbeheer<\/p>\n<\/div><div class=\"fusion-clearfix\"><\/div><\/div><\/div><div class=\"fusion-layout-column fusion_builder_column fusion-builder-column-6 fusion_builder_column_1_1 1_1 fusion-one-full fusion-column-first fusion-column-last\" style=\"--awb-bg-size:cover;\"><div class=\"fusion-column-wrapper fusion-flex-column-wrapper-legacy\"><div class=\"fusion-sep-clear\"><\/div><div class=\"fusion-separator fusion-full-width-sep\" style=\"margin-left: auto;margin-right: auto;margin-bottom:10px;width:100%;\"><div class=\"fusion-separator-border sep-single sep-solid\" style=\"--awb-height:20px;--awb-amount:20px;border-color:#e0dede;border-top-width:1px;\"><\/div><\/div><div class=\"fusion-sep-clear\"><\/div><div class=\"fusion-clearfix\"><\/div><\/div><\/div><div class=\"fusion-layout-column fusion_builder_column fusion-builder-column-7 fusion_builder_column_1_4 1_4 fusion-one-fourth fusion-column-first\" style=\"--awb-bg-size:cover;width:22%; margin-right: 4%;\"><div class=\"fusion-column-wrapper fusion-flex-column-wrapper-legacy\"><div class=\"fusion-image-element fusion-image-align-center in-legacy-container\" style=\"text-align:center;--awb-liftup-border-radius:5px;--awb-caption-title-font-family:var(--h2_typography-font-family);--awb-caption-title-font-weight:var(--h2_typography-font-weight);--awb-caption-title-font-style:var(--h2_typography-font-style);--awb-caption-title-size:var(--h2_typography-font-size);--awb-caption-title-transform:var(--h2_typography-text-transform);--awb-caption-title-line-height:var(--h2_typography-line-height);--awb-caption-title-letter-spacing:var(--h2_typography-letter-spacing);\"><div class=\"imageframe-align-center\"><div class=\"awb-image-frame awb-image-frame-5 imageframe-liftup imageframe-5 fusion-animated\" data-animationType=\"fadeInDown\" data-animationDuration=\"1.0\" data-animationOffset=\"top-into-view\"><span class=\" fusion-imageframe imageframe-dropshadow imageframe-5\" style=\"border-radius:5px;-webkit-box-shadow: 3px 3px 7px rgba(0,0,0,0.3);box-shadow: 3px 3px 7px rgba(0,0,0,0.3);\"><a class=\"fusion-no-lightbox\" href=\"https:\/\/feed-innovation.com\/markten\/europa\/?lang=nl\" target=\"_self\" aria-label=\"Europe\"><img decoding=\"async\" width=\"150\" height=\"150\" src=\"https:\/\/feed-innovation.com\/wp\/wp-content\/uploads\/2016\/01\/Europe-150x150.jpg\" alt class=\"img-responsive wp-image-13070\" srcset=\"https:\/\/feed-innovation.com\/wp\/wp-content\/uploads\/2016\/01\/Europe-150x150.jpg 150w, https:\/\/feed-innovation.com\/wp\/wp-content\/uploads\/2016\/01\/Europe-300x300.jpg 300w, https:\/\/feed-innovation.com\/wp\/wp-content\/uploads\/2016\/01\/Europe-768x768.jpg 768w, https:\/\/feed-innovation.com\/wp\/wp-content\/uploads\/2016\/01\/Europe-1024x1024.jpg 1024w, https:\/\/feed-innovation.com\/wp\/wp-content\/uploads\/2016\/01\/Europe-1200x1200.jpg 1200w\" sizes=\"(max-width: 150px) 100vw, 150px\" \/><\/a><\/span><\/div><\/div><\/div><div class=\"fusion-text fusion-text-6\"><h3 style=\"text-align: center;\"><strong><a href=\"https:\/\/feed-innovation.com\/nl\/markten\/europa\/?lang=nl\">Europa<\/a><\/strong><\/h3>\n<\/div><div class=\"fusion-clearfix\"><\/div><\/div><\/div><div class=\"fusion-layout-column fusion_builder_column fusion-builder-column-8 fusion_builder_column_1_4 1_4 fusion-one-fourth\" style=\"--awb-bg-size:cover;width:22%; margin-right: 4%;\"><div class=\"fusion-column-wrapper fusion-flex-column-wrapper-legacy\"><div class=\"fusion-image-element fusion-image-align-center in-legacy-container\" style=\"text-align:center;--awb-liftup-border-radius:5px;--awb-caption-title-font-family:var(--h2_typography-font-family);--awb-caption-title-font-weight:var(--h2_typography-font-weight);--awb-caption-title-font-style:var(--h2_typography-font-style);--awb-caption-title-size:var(--h2_typography-font-size);--awb-caption-title-transform:var(--h2_typography-text-transform);--awb-caption-title-line-height:var(--h2_typography-line-height);--awb-caption-title-letter-spacing:var(--h2_typography-letter-spacing);\"><div class=\"imageframe-align-center\"><div class=\"awb-image-frame awb-image-frame-6 imageframe-liftup imageframe-6 fusion-animated\" data-animationType=\"fadeInDown\" data-animationDuration=\"1.0\" data-animationOffset=\"top-into-view\"><span class=\" fusion-imageframe imageframe-dropshadow imageframe-6\" style=\"border-radius:5px;-webkit-box-shadow: 3px 3px 7px rgba(0,0,0,0.3);box-shadow: 3px 3px 7px rgba(0,0,0,0.3);\"><a class=\"fusion-no-lightbox\" href=\"https:\/\/feed-innovation.com\/markten\/azie\/?lang=nl\" target=\"_self\" aria-label=\"Asia\"><img decoding=\"async\" width=\"150\" height=\"150\" src=\"https:\/\/feed-innovation.com\/wp\/wp-content\/uploads\/2016\/01\/Asia-150x150.jpg\" alt class=\"img-responsive wp-image-13541\" srcset=\"https:\/\/feed-innovation.com\/wp\/wp-content\/uploads\/2016\/01\/Asia-66x66.jpg 66w, https:\/\/feed-innovation.com\/wp\/wp-content\/uploads\/2016\/01\/Asia-150x150.jpg 150w\" sizes=\"(max-width: 150px) 100vw, 150px\" \/><\/a><\/span><\/div><\/div><\/div><div class=\"fusion-text fusion-text-7\"><h3 style=\"text-align: center;\"><strong><a href=\"https:\/\/feed-innovation.com\/nl\/markten\/azie\/?lang=nl\">Azi\u00eb<\/a><\/strong><\/h3>\n<\/div><div class=\"fusion-clearfix\"><\/div><\/div><\/div><div class=\"fusion-layout-column fusion_builder_column fusion-builder-column-9 fusion_builder_column_1_4 1_4 fusion-one-fourth\" style=\"--awb-bg-size:cover;width:22%; margin-right: 4%;\"><div class=\"fusion-column-wrapper fusion-flex-column-wrapper-legacy\"><div class=\"fusion-image-element fusion-image-align-center in-legacy-container\" style=\"text-align:center;--awb-liftup-border-radius:0px;--awb-caption-title-font-family:var(--h2_typography-font-family);--awb-caption-title-font-weight:var(--h2_typography-font-weight);--awb-caption-title-font-style:var(--h2_typography-font-style);--awb-caption-title-size:var(--h2_typography-font-size);--awb-caption-title-transform:var(--h2_typography-text-transform);--awb-caption-title-line-height:var(--h2_typography-line-height);--awb-caption-title-letter-spacing:var(--h2_typography-letter-spacing);\"><div class=\"imageframe-align-center\"><div class=\"awb-image-frame awb-image-frame-7 imageframe-liftup fusion-animated\" data-animationType=\"fadeInDown\" data-animationDuration=\"1.0\" data-animationOffset=\"top-into-view\"><span class=\" fusion-imageframe imageframe-dropshadow imageframe-7\" style=\"-webkit-box-shadow: 3px 3px 7px rgba(0,0,0,0.3);box-shadow: 3px 3px 7px rgba(0,0,0,0.3);\"><a class=\"fusion-no-lightbox\" href=\"https:\/\/feed-innovation.com\/markten\/afrika\/?lang=nl\" target=\"_self\" aria-label=\"Africa\"><img decoding=\"async\" width=\"150\" height=\"150\" src=\"https:\/\/feed-innovation.com\/wp\/wp-content\/uploads\/2016\/01\/Africa-150x150.png\" alt class=\"img-responsive wp-image-13071\"\/><\/a><\/span><\/div><\/div><\/div><div class=\"fusion-text fusion-text-8\"><h3 style=\"text-align: center;\"><strong><a href=\"https:\/\/feed-innovation.com\/nl\/markten\/afrika\/?lang=nl\">Afrika<\/a><\/strong><\/h3>\n<\/div><div class=\"fusion-clearfix\"><\/div><\/div><\/div><div class=\"fusion-layout-column fusion_builder_column fusion-builder-column-10 fusion_builder_column_1_4 1_4 fusion-one-fourth fusion-column-last\" style=\"--awb-bg-size:cover;width:22%;\"><div class=\"fusion-column-wrapper fusion-flex-column-wrapper-legacy\"><div class=\"fusion-image-element fusion-image-align-center in-legacy-container\" style=\"text-align:center;--awb-liftup-border-radius:0px;--awb-caption-title-font-family:var(--h2_typography-font-family);--awb-caption-title-font-weight:var(--h2_typography-font-weight);--awb-caption-title-font-style:var(--h2_typography-font-style);--awb-caption-title-size:var(--h2_typography-font-size);--awb-caption-title-transform:var(--h2_typography-text-transform);--awb-caption-title-line-height:var(--h2_typography-line-height);--awb-caption-title-letter-spacing:var(--h2_typography-letter-spacing);\"><div class=\"imageframe-align-center\"><div class=\"awb-image-frame awb-image-frame-8 imageframe-liftup fusion-animated\" data-animationType=\"fadeInDown\" data-animationDuration=\"1.0\" data-animationOffset=\"top-into-view\"><span class=\" fusion-imageframe imageframe-dropshadow imageframe-8\" style=\"-webkit-box-shadow: 3px 3px 7px rgba(0,0,0,0.3);box-shadow: 3px 3px 7px rgba(0,0,0,0.3);\"><a class=\"fusion-no-lightbox\" href=\"https:\/\/feed-innovation.com\/markten\/midden-oosten-en-oceanie\/?lang=nl\" target=\"_self\" aria-label=\"middle-east-oceania-small\"><img decoding=\"async\" width=\"150\" height=\"150\" src=\"https:\/\/feed-innovation.com\/wp\/wp-content\/uploads\/2017\/11\/middle-east-oceania-small.png\" alt class=\"img-responsive wp-image-12954\" srcset=\"https:\/\/feed-innovation.com\/wp\/wp-content\/uploads\/2017\/11\/middle-east-oceania-small-66x66.png 66w, https:\/\/feed-innovation.com\/wp\/wp-content\/uploads\/2017\/11\/middle-east-oceania-small.png 150w\" sizes=\"(max-width: 150px) 100vw, 150px\" \/><\/a><\/span><\/div><\/div><\/div><div class=\"fusion-text fusion-text-9\"><h3 style=\"text-align: center;\"><strong><a href=\"https:\/\/feed-innovation.com\/nl\/markten\/midden-oosten-en-oceanie\/?lang=nl\">Midden-Oosten &amp; Oceani\u00eb<\/a><\/strong><\/h3>\n<\/div><div class=\"fusion-clearfix\"><\/div><\/div><\/div><\/div><\/div><\/p>\n","protected":false},"excerpt":{"rendered":"","protected":false},"author":1,"featured_media":0,"parent":0,"menu_order":0,"comment_status":"closed","ping_status":"closed","template":"","meta":{"footnotes":""},"class_list":["post-12502","page","type-page","status-publish","hentry"],"_links":{"self":[{"href":"https:\/\/feed-innovation.com\/nl\/wp-json\/wp\/v2\/pages\/12502","targetHints":{"allow":["GET"]}}],"collection":[{"href":"https:\/\/feed-innovation.com\/nl\/wp-json\/wp\/v2\/pages"}],"about":[{"href":"https:\/\/feed-innovation.com\/nl\/wp-json\/wp\/v2\/types\/page"}],"author":[{"embeddable":true,"href":"https:\/\/feed-innovation.com\/nl\/wp-json\/wp\/v2\/users\/1"}],"replies":[{"embeddable":true,"href":"https:\/\/feed-innovation.com\/nl\/wp-json\/wp\/v2\/comments?post=12502"}],"version-history":[{"count":82,"href":"https:\/\/feed-innovation.com\/nl\/wp-json\/wp\/v2\/pages\/12502\/revisions"}],"predecessor-version":[{"id":13552,"href":"https:\/\/feed-innovation.com\/nl\/wp-json\/wp\/v2\/pages\/12502\/revisions\/13552"}],"wp:attachment":[{"href":"https:\/\/feed-innovation.com\/nl\/wp-json\/wp\/v2\/media?parent=12502"}],"curies":[{"name":"wp","href":"https:\/\/api.w.org\/{rel}","templated":true}]}}