{"id":13074,"date":"2018-03-21T17:39:35","date_gmt":"2018-03-21T16:39:35","guid":{"rendered":"https:\/\/feed-innovation.com\/?page_id=13074"},"modified":"2020-12-08T14:31:35","modified_gmt":"2020-12-08T13:31:35","slug":"over-ons","status":"publish","type":"page","link":"https:\/\/feed-innovation.com\/nl\/over-ons\/","title":{"rendered":"Over ons"},"content":{"rendered":"<p><div class=\"fusion-fullwidth fullwidth-box fusion-builder-row-1 nonhundred-percent-fullwidth non-hundred-percent-height-scrolling\" style=\"--awb-background-position:left top;--awb-border-sizes-top:0px;--awb-border-sizes-bottom:0px;--awb-border-sizes-left:0px;--awb-border-sizes-right:0px;--awb-border-radius-top-left:0px;--awb-border-radius-top-right:0px;--awb-border-radius-bottom-right:0px;--awb-border-radius-bottom-left:0px;--awb-padding-top:20px;--awb-padding-bottom:20px;--awb-flex-wrap:wrap;\" ><div class=\"fusion-builder-row fusion-row\"><div class=\"fusion-layout-column fusion_builder_column fusion-builder-column-0 fusion_builder_column_1_1 1_1 fusion-one-full fusion-column-first fusion-column-last fusion-column-no-min-height\" style=\"--awb-bg-size:cover;--awb-margin-bottom:0px;\"><div class=\"fusion-column-wrapper fusion-flex-column-wrapper-legacy\"><div class=\"fusion-title title fusion-title-1 fusion-title-text fusion-title-size-one\" style=\"--awb-margin-top-small:0px;--awb-margin-right-small:0px;--awb-margin-bottom-small:20px;--awb-margin-left-small:0px;\"><h1 class=\"fusion-title-heading title-heading-left\" style=\"margin:0;\">Over ons<\/h1><span class=\"awb-title-spacer\"><\/span><div class=\"title-sep-container\"><div class=\"title-sep sep-single sep-solid\" style=\"border-color:rgba(139,195,74,0.32);\"><\/div><\/div><\/div><div class=\"fusion-text fusion-text-1\"><p><img decoding=\"async\" class=\"fis_image alignright wp-image-12891 size-medium\" src=\"https:\/\/feed-innovation.com\/wp\/wp-content\/uploads\/2017\/11\/FIS-new-photo-300x200.png\" alt=\"\" width=\"300\" height=\"200\" srcset=\"https:\/\/feed-innovation.com\/wp\/wp-content\/uploads\/2017\/11\/FIS-new-photo-200x133.png 200w, https:\/\/feed-innovation.com\/wp\/wp-content\/uploads\/2017\/11\/FIS-new-photo-300x200.png 300w, https:\/\/feed-innovation.com\/wp\/wp-content\/uploads\/2017\/11\/FIS-new-photo.png 305w\" sizes=\"(max-width: 300px) 100vw, 300px\" \/>Feed Innovation Services is een Nederlandse advies- en onderzoekspartner in de voeder- en voedselketen en biedt innovatieve kennisoplossingen aan diervoederfabrikanten, leveranciers van ingredi\u00ebnten en additieven, grootschalige dierhouderijen en hun ondersteunende instellingen actief in Europa, Azi\u00eb, Afrika, Midden-Oosten en Oceani\u00eb.<\/p>\n<\/div><div class=\"fusion-text fusion-text-2\"><p>De onderzoeksfaciliteiten van Feed Innovation Services voor vleeskuikens, biggen en legkippen verzekeren klanten van snel beschikbare, onafhankelijk en betrouwbare onderzoeksresultaten. De diensten omvatten een breed scala aan advies-, onderzoeks- en bedrijfsondersteunende oplossingen op maat voor klanten actief in Europa, Azi\u00eb, Afrika, het Midden-Oosten en Oceani\u00eb, of voor klanten die van plan zijn op deze markten te gaan opereren.<\/p>\n<\/div><div class=\"fusion-text fusion-text-3\"><p>Via en met haar partners levert Feed Innovation Services ge\u00efntegreerde oplossingen voor de internationale feed-, food- en biomassasectoren.<\/p>\n<\/div><div class=\"fusion-title title fusion-title-2 fusion-title-text fusion-title-size-two\" style=\"--awb-margin-top-small:0px;--awb-margin-right-small:0px;--awb-margin-bottom-small:20px;--awb-margin-left-small:0px;\"><h2 class=\"fusion-title-heading title-heading-left\" style=\"margin:0;\">Achtergrond &amp; Missie<\/h2><span class=\"awb-title-spacer\"><\/span><div class=\"title-sep-container\"><div class=\"title-sep sep-single sep-solid\" style=\"border-color:rgba(139,195,74,0.32);\"><\/div><\/div><\/div><div class=\"fusion-text fusion-text-4\"><p>Feed Innovation Services werd in 1986 opgericht om hoogwaardig onderzoek en advies aan de diervoederindustrie te bieden. De passie voor productontwikkeling en diepgaande kennis van de wetenschappelijke en zakelijke aspecten van de diervoederindustrie maakten van Feed Innovation Services een gewilde partner voor diervoederonderzoek. Het bedrijf heeft meer dan 30 jaar ervaring als internationaal advies- en onderzoeks- en ontwikkelingsbedrijf met een wereldwijd netwerk in de diervoeder- en voedingsmiddelenindustrie.<\/p>\n<\/div><div class=\"fusion-text fusion-text-5\"><p>Feed Innovation Services richt zich zowel op productinnovatie als op uitbreiding van business naar opkomende markten; cruciaal voor het blijvend cre\u00ebren van langetermijn toegevoegde waarde voor haar Nederlandse en internationale klantenbestand. We richten ons op en waarderen de specifieke behoeften, wensen en interesses van onze klanten. Onze missie is continue creatie van duurzaam gebruik van grondstoffen, geoptimaliseerde gezondheid en prestaties van de dieren, en gezonde voeding voor de consument.<\/p>\n<\/div><div class=\"fusion-title title fusion-title-3 fusion-title-text fusion-title-size-two\" style=\"--awb-margin-top-small:0px;--awb-margin-right-small:0px;--awb-margin-bottom-small:20px;--awb-margin-left-small:0px;\"><h2 class=\"fusion-title-heading title-heading-left\" style=\"margin:0;\">Kerncompetenties<\/h2><span class=\"awb-title-spacer\"><\/span><div class=\"title-sep-container\"><div class=\"title-sep sep-single sep-solid\" style=\"border-color:rgba(139,195,74,0.32);\"><\/div><\/div><\/div><div class=\"fusion-text fusion-text-6\"><p><img decoding=\"async\" class=\"alignright wp-image-11817 size-medium\" src=\"https:\/\/feed-innovation.com\/wp\/wp-content\/uploads\/2012\/09\/WillemSmink11-9-12-200x300.jpg\" alt=\"\" width=\"200\" height=\"300\" srcset=\"https:\/\/feed-innovation.com\/wp\/wp-content\/uploads\/2012\/09\/WillemSmink11-9-12-200x300.jpg 200w, https:\/\/feed-innovation.com\/wp\/wp-content\/uploads\/2012\/09\/WillemSmink11-9-12-683x1024.jpg 683w, https:\/\/feed-innovation.com\/wp\/wp-content\/uploads\/2012\/09\/WillemSmink11-9-12-768x1152.jpg 768w, https:\/\/feed-innovation.com\/wp\/wp-content\/uploads\/2012\/09\/WillemSmink11-9-12-1200x1800.jpg 1200w\" sizes=\"(max-width: 200px) 100vw, 200px\" \/>Om het onze klanten mogelijk te maken de effici\u00ebntie en prestaties te verbeteren, hebben wij voor u onze kerncompetenties op de volgende gebieden gezet:<\/p>\n<ul>\n<li><del><\/del>Advisering op het gebied van diervoeding, voederformulering, kwaliteitsbeheer en -borging, dierfysiologie en voedingstechnologie;<\/li>\n<li>Wetenschappelijk en toegepast onderzoek in feed, food en biomassa;<\/li>\n<li>Ondersteuning van bedrijfsontwikkeling voor bedrijven in de feed- en foodsector.<\/li>\n<\/ul>\n<\/div><div class=\"fusion-text fusion-text-7\"><p>Onze unieke sterke punten voor uw voordeel zijn:<\/p>\n<ul>\n<li>Op maat gemaakte, flexibele en snelle responsoplossingen worden gecombineerd met toegewijd klantcontact en zorg;<\/li>\n<li>Betrouwbare en discrete bedrijfsgerichte pragmatische aanpak;<\/li>\n<li>Uitgebreide en gespecialiseerde kennis van voeroptimalisatie;<\/li>\n<li>Grondig inzicht in de voedermarkten van Europa, Azi\u00eb, Afrika, het Midden-Oosten en Oceani\u00eb;<\/li>\n<li>Uitgebreid netwerk met bedrijven, instellingen en overheden in Europa, Azi\u00eb, Afrika, het Midden-Oosten en Oceani\u00eb;<\/li>\n<li>Holistische leverancier van oplossingen met intern wetenschappelijk en zakelijk fundament.<\/li>\n<\/ul>\n<\/div><div class=\"fusion-title title fusion-title-4 fusion-title-text fusion-title-size-two\" style=\"--awb-margin-top-small:0px;--awb-margin-right-small:0px;--awb-margin-bottom-small:20px;--awb-margin-left-small:0px;\"><h2 class=\"fusion-title-heading title-heading-left\" style=\"margin:0;\">Team<\/h2><span class=\"awb-title-spacer\"><\/span><div class=\"title-sep-container\"><div class=\"title-sep sep-single sep-solid\" style=\"border-color:rgba(139,195,74,0.32);\"><\/div><\/div><\/div><div class=\"fusion-text fusion-text-8\" style=\"--awb-content-alignment:left;--awb-font-size:12px;\"><div class=\"table-1\">\n<table width=\"100%\">\n<thead>\n<tr>\n<th align=\"left\" width=\"150px\">Naam<\/th>\n<th align=\"left\">Functie<\/th>\n<th align=\"left\" width=\"160px\">Telefoonnummer<\/th>\n<th align=\"left\" width=\"230px\">E-mailadres<\/th>\n<\/tr>\n<\/thead>\n<tbody>\n<tr>\n<td><a href=\"https:\/\/www.linkedin.com\/in\/wouter-rijm-522655152\/\" target=\"_blank\" rel=\"noopener noreferrer\">Wouter Rijm<\/a><\/td>\n<td>Managing Director<\/p>\n<p>Feed formulations<\/p>\n<p>Quality assurance<\/td>\n<td>+31 (0)6 512 188 00<\/td>\n<td>wouter@feed-innovation.com<\/td>\n<\/tr>\n<tr>\n<td><a href=\"https:\/\/www.linkedin.com\/in\/fitie\/\" target=\"_blank\" rel=\"noopener noreferrer\">Alex Fiti\u00e9<\/a><\/td>\n<td>Product development<\/td>\n<td>+31 (0)6 532 621 62<\/td>\n<td>alex@feed-innovation.com<\/td>\n<\/tr>\n<tr>\n<td>Harm Fiti\u00e9<\/td>\n<td>Account manager China<\/td>\n<td>+86 139 101 928 92<\/td>\n<td>harm@feed-innovation.com<\/td>\n<\/tr>\n<tr>\n<td><a href=\"https:\/\/www.linkedin.com\/in\/jan-hendriks-235b11115\/\" target=\"_blank\" rel=\"noopener noreferrer\">Jan Hendriks<\/a><\/td>\n<td>Finances<\/td>\n<td>+31 (0)6 204 218 72<\/td>\n<td>jan@feed-innovation.com<\/td>\n<\/tr>\n<tr>\n<td><a href=\"https:\/\/www.linkedin.com\/in\/arjanvanderkolk\/\" target=\"_blank\" rel=\"noopener noreferrer\">Arjan van der Kolk<\/a><\/td>\n<td>Animal nutrition<\/p>\n<p>Poultry experiments<\/p>\n<p>Project management<\/td>\n<td>+31 (0)6 204 321 81<\/td>\n<td>arjan@feed-innovation.com<\/td>\n<\/tr>\n<tr>\n<td><a href=\"https:\/\/www.linkedin.com\/in\/sheng-zhang-a6440961\/\" target=\"_blank\" rel=\"noopener noreferrer\">Zhang Sheng<\/a><\/td>\n<td>Business Development Manager China<\/td>\n<td>+31 (0)6 531 164 66<\/td>\n<td>sheng@feed-innovation.com<\/td>\n<\/tr>\n<tr>\n<td><a href=\"https:\/\/www.linkedin.com\/in\/willem-smink-a692064b\/\" target=\"_blank\" rel=\"noopener noreferrer\">Willem Smink<\/a><\/td>\n<td>Pig experiments<\/p>\n<p>Animal nutrition<\/p>\n<p>Animal physiology<\/td>\n<td>+31 (0)6 204 905 09<\/td>\n<td>willem@feed-innovation.com<\/td>\n<\/tr>\n<tr>\n<td><a href=\"https:\/\/www.linkedin.com\/in\/matthew-wedzerai-230a3634\/\" target=\"_blank\" rel=\"noopener noreferrer\">Matthew Wedzerai<\/a><\/td>\n<td>Animal nutrition<\/p>\n<p>Africa representative<\/td>\n<td>+31 (0)6 148 610 96<\/td>\n<td>matthew@feed-innovation.com<\/td>\n<\/tr>\n<\/tbody>\n<\/table>\n<\/div>\n<\/div><div class=\"fusion-clearfix\"><\/div><\/div><\/div><\/div><\/div><div class=\"fusion-fullwidth fullwidth-box fusion-builder-row-2 nonhundred-percent-fullwidth non-hundred-percent-height-scrolling\" style=\"--awb-background-position:left top;--awb-border-sizes-top:0px;--awb-border-sizes-bottom:0px;--awb-border-sizes-left:0px;--awb-border-sizes-right:0px;--awb-border-radius-top-left:0px;--awb-border-radius-top-right:0px;--awb-border-radius-bottom-right:0px;--awb-border-radius-bottom-left:0px;--awb-padding-top:20px;--awb-padding-bottom:20px;--awb-flex-wrap:wrap;\" ><div class=\"fusion-builder-row fusion-row\"><div class=\"fusion-layout-column fusion_builder_column fusion-builder-column-1 fusion_builder_column_1_1 1_1 fusion-one-full fusion-column-first fusion-column-last fusion-column-no-min-height\" style=\"--awb-bg-size:cover;--awb-margin-bottom:0px;\"><div class=\"fusion-column-wrapper fusion-flex-column-wrapper-legacy\"><div class=\"fusion-title title fusion-title-5 fusion-title-text fusion-title-size-two\" style=\"--awb-margin-top-small:0px;--awb-margin-right-small:0px;--awb-margin-bottom-small:20px;--awb-margin-left-small:0px;\"><h2 class=\"fusion-title-heading title-heading-left\" style=\"margin:0;\">Contacteer ons<\/h2><span class=\"awb-title-spacer\"><\/span><div class=\"title-sep-container\"><div class=\"title-sep sep-single sep-solid\" style=\"border-color:rgba(139,195,74,0.32);\"><\/div><\/div><\/div><div class=\"fusion-text fusion-text-9\"><p><strong>Heeft u vragen of wilt u meer informatie? Neem contact ons op met ons:<\/strong><\/p>\n<p>Feed Innovation Services B.V.<br \/>\nGeneraal Foulkesweg 72<br \/>\n6703 BW Wageningen<br \/>\ninfo@feed-innovation.com<\/p>\n<p><strong>Of vul het contactformulier in. We nemen zo snel mogelijk contact met u op!<\/strong><\/p>\n<div class=\"wpforms-container \" id=\"wpforms-13239\"><form id=\"wpforms-form-13239\" class=\"wpforms-validate wpforms-form\" data-formid=\"13239\" method=\"post\" enctype=\"multipart\/form-data\" action=\"\/nl\/wp-json\/wp\/v2\/pages\/13074\" data-token=\"54de0cec66a4338754ca3624bcac5624\" data-token-time=\"1778160634\"><noscript class=\"wpforms-error-noscript\">Schakel JavaScript in je browser in om dit formulier in te vullen.<\/noscript><div class=\"wpforms-field-container\"><div id=\"wpforms-13239-field_0-container\" class=\"wpforms-field wpforms-field-name\" data-field-id=\"0\"><label class=\"wpforms-field-label\" for=\"wpforms-13239-field_0\">Naam <span class=\"wpforms-required-label\">*<\/span><\/label><input type=\"text\" id=\"wpforms-13239-field_0\" class=\"wpforms-field-medium wpforms-field-required\" name=\"wpforms[fields][0]\" required><\/div><div id=\"wpforms-13239-field_3-container\" class=\"wpforms-field wpforms-field-text\" data-field-id=\"3\"><label class=\"wpforms-field-label\" for=\"wpforms-13239-field_3\">Bedrijf<\/label><input type=\"text\" id=\"wpforms-13239-field_3\" class=\"wpforms-field-medium\" name=\"wpforms[fields][3]\" ><\/div><div id=\"wpforms-13239-field_1-container\" class=\"wpforms-field wpforms-field-email\" data-field-id=\"1\"><label class=\"wpforms-field-label\" for=\"wpforms-13239-field_1\">E-mailadres <span class=\"wpforms-required-label\">*<\/span><\/label><input type=\"email\" id=\"wpforms-13239-field_1\" class=\"wpforms-field-medium wpforms-field-required\" name=\"wpforms[fields][1]\" spellcheck=\"false\" required><\/div><div id=\"wpforms-13239-field_2-container\" class=\"wpforms-field wpforms-field-textarea\" data-field-id=\"2\"><label class=\"wpforms-field-label\" for=\"wpforms-13239-field_2\">Uw bericht <span class=\"wpforms-required-label\">*<\/span><\/label><textarea id=\"wpforms-13239-field_2\" class=\"wpforms-field-medium wpforms-field-required\" name=\"wpforms[fields][2]\" required><\/textarea><\/div><\/div><!-- .wpforms-field-container --><div class=\"wpforms-recaptcha-container wpforms-is-recaptcha wpforms-is-recaptcha-type-invisible\" ><div class=\"g-recaptcha\" data-sitekey=\"6Lf8qFEqAAAAADHy2gY4ct15vt6OyXMMJHrm8Imb\" data-size=\"invisible\"><\/div><\/div><div class=\"wpforms-submit-container\" ><input type=\"hidden\" name=\"wpforms[id]\" value=\"13239\"><input type=\"hidden\" name=\"page_title\" value=\"\"><input type=\"hidden\" name=\"page_url\" value=\"https:\/\/feed-innovation.com\/nl\/wp-json\/wp\/v2\/pages\/13074\"><input type=\"hidden\" name=\"url_referer\" value=\"\"><button type=\"submit\" name=\"wpforms[submit]\" id=\"wpforms-submit-13239\" class=\"wpforms-submit\" data-alt-text=\"Verzenden...\" data-submit-text=\"Verzend\" aria-live=\"assertive\" value=\"wpforms-submit\">Verzend<\/button><\/div><\/form><\/div>  <!-- .wpforms-container -->\n<\/div><div class=\"fusion-clearfix\"><\/div><\/div><\/div><\/div><\/div><\/p>\n","protected":false},"excerpt":{"rendered":"","protected":false},"author":1,"featured_media":0,"parent":0,"menu_order":0,"comment_status":"closed","ping_status":"closed","template":"","meta":{"footnotes":""},"class_list":["post-13074","page","type-page","status-publish","hentry"],"_links":{"self":[{"href":"https:\/\/feed-innovation.com\/nl\/wp-json\/wp\/v2\/pages\/13074","targetHints":{"allow":["GET"]}}],"collection":[{"href":"https:\/\/feed-innovation.com\/nl\/wp-json\/wp\/v2\/pages"}],"about":[{"href":"https:\/\/feed-innovation.com\/nl\/wp-json\/wp\/v2\/types\/page"}],"author":[{"embeddable":true,"href":"https:\/\/feed-innovation.com\/nl\/wp-json\/wp\/v2\/users\/1"}],"replies":[{"embeddable":true,"href":"https:\/\/feed-innovation.com\/nl\/wp-json\/wp\/v2\/comments?post=13074"}],"version-history":[{"count":13,"href":"https:\/\/feed-innovation.com\/nl\/wp-json\/wp\/v2\/pages\/13074\/revisions"}],"predecessor-version":[{"id":13505,"href":"https:\/\/feed-innovation.com\/nl\/wp-json\/wp\/v2\/pages\/13074\/revisions\/13505"}],"wp:attachment":[{"href":"https:\/\/feed-innovation.com\/nl\/wp-json\/wp\/v2\/media?parent=13074"}],"curies":[{"name":"wp","href":"https:\/\/api.w.org\/{rel}","templated":true}]}}